{"id":74,"date":"2018-04-05T05:37:42","date_gmt":"2018-04-05T05:37:42","guid":{"rendered":"http:\/\/fewo-wibmer.de\/?page_id=74"},"modified":"2018-05-23T12:01:06","modified_gmt":"2018-05-23T12:01:06","slug":"freizeitgestaltung","status":"publish","type":"page","link":"https:\/\/fewo-wibmer.de\/?page_id=74","title":{"rendered":"Freizeitgestaltung"},"content":{"rendered":"<div  data-label=\"Features\" data-id=\"features-12\" data-export-id=\"features-12\" data-category=\"features\" class=\"features-12 content-section content-section-spacing\" id=\"features-1\" style=\"background-color: rgba(255, 255, 255, 0); background-image: none;\">\n<div  class=\"gridContainer\">\n<div  class=\"row text-center\">\n<div  class=\"section-title-col\" data-type=\"column\"><\/div>\n<\/div>\n<div  class=\"row spaced-cols\" data-type=\"row\">\n<div  class=\"col-sm-6 col-md-6 \">\n<div  class=\"row space-bottom\">\n<div  class=\"col-sm-fit icon-column\"><i  class=\"fa icon fa-bicycle bordered round color7\"> <\/i><\/div>\n<div  class=\"col-sm\" data-type=\"column\">\n<h5  class=\"color2\"><span  style=\"color: #006633;\"> Aktiv sein<\/span><span  style=\"color: #006633;\"><\/span><\/h5>\n<ul  class=\"\">\n \t<li >Ebene Rad-Wanderwege direkt vorm Haus<\/li>\n \t<li >Eigener Fahrradverleih am Ort<\/li>\n \t<li ><a  href=\"http:\/\/www.altmuehlbob.com\" target=\"_blank\" rel=\"noopener\" class=\"\">Sommerrodelbahn in Riedenburg<\/a><\/li>\n \t<li ><a  href=\"http:\/\/vogelwild.net\" target=\"_blank\" rel=\"noopener\" class=\"\">Falkner f\u00fcr einen Tag<\/a><\/li>\n \t<li ><a  href=\"http:\/\/www.swingolf-gerneth.de\" target=\"_blank\" rel=\"noopener\" class=\"\">Swin-Golf<\/a><\/li>\n \t<li ><a  href=\"http:\/\/riedenburg.de\/tourismus-kultur\/aktivurlaub\/radfahren\/mountainbike\" target=\"_blank\" rel=\"noopener\" class=\"\">Mountainbike-Trails fast vor der Haust\u00fcre<\/a><\/li>\n \t<li >Wandern<\/li>\n \t<li ><a  href=\"https:\/\/www.altmuehltaler-abenteuerpark.de\/ap\/kletterpark\/preise-oeffnungszeiten\" target=\"_blank\" rel=\"noopener\" class=\"\">Klettergarten in Beilngries<\/a><\/li>\n \t<li ><a  href=\"http:\/\/felsinfo.alpenverein.de\/index.php?mapId=82&amp;option=com_content&amp;view=article&amp;id=840&amp;fels=1958#scale=18055&amp;centerX=1306064&amp;centerY=6267094&amp;layers=1465218397,152917,0\" target=\"_blank\" rel=\"noopener\" class=\"\">Klettern im Klettergebiet Prunn und Sch\u00f6nhofen<\/a><\/li>\n \t<li >Kanu- oder Kajakfahren<\/li>\n<\/ul>\n<\/div>\n<\/div>\n<\/div>\n<div  class=\"col-sm-6 col-md-6 \">\n<div  class=\"row space-bottom\">\n<div  class=\"col-sm-fit icon-column\"><i  class=\"fa icon fa-camera bordered round color7\"> <\/i><\/div>\n<div  class=\"col-sm\" data-type=\"column\">\n<h5  class=\"color2\"><span  style=\"color: #006633;\">Sehensw\u00fcrdigkeiten<\/span><\/h5>\n<ul  class=\"\">\n \t<li ><a  href=\"http:\/\/www.burg-prunn.de\" target=\"_blank\" rel=\"noopener\" class=\"\">Schloss Prunn<\/a><\/li>\n \t<li ><a  href=\"https:\/\/www.kelheim.de\/poi\/befreiungshalle_kelheim-1610\" target=\"_blank\" rel=\"noopener\" class=\"\">Befreiungshalle<\/a>\n<span  style=\"background-color: rgba(255, 255, 255, 0);\"><\/span><\/li>\n \t<li ><span  style=\"background-color: rgba(255, 255, 255, 0);\">Bayerischer Landesjagdfalkenhof\n<\/span><span  style=\"background-color: rgba(255, 255, 255, 0);\"><\/span><\/li>\n \t<li ><a  href=\"http:\/\/schulerloch.de\" target=\"_blank\" rel=\"noopener\" class=\"\"><span  style=\"background-color: rgba(255, 255, 255, 0);\">Tropfsteinh\u00f6hle Schulerloch<\/span><\/a><span  style=\"background-color: rgba(255, 255, 255, 0);\">\n<\/span><\/li>\n<\/ul>\n<\/div>\n<\/div>\n<\/div>\n<div  class=\"col-sm-6 col-md-6 \">\n<div  class=\"row space-bottom\">\n<div  class=\"col-sm-fit icon-column\"><i  class=\"fa icon fa-sun-o bordered round color7\"> <\/i><\/div>\n<div  class=\"col-sm\" data-type=\"column\">\n<h5  class=\"color2\"><span  style=\"color: #006633;\"> Entspannung<\/span><\/h5>\n<ul  class=\"\">\n \t<li ><a  href=\"https:\/\/www.naturpark-altmuehltal.de\/poi\/badesee_st_agatha-2297\" target=\"_blank\" rel=\"noopener\" class=\"\">Badesee Agatha in Haidhof<\/a><\/li>\n \t<li >Angeln<\/li>\n \t<li >Schiffsanlegestelle am Ort<\/li>\n \t<li >gem\u00fctliche Bierg\u00e4rten und Eisdielen<\/li>\n<\/ul>\n<\/div>\n<\/div>\n<\/div>\n<\/div>\n<\/div>\n<\/div><div  data-label=\"Gallery\" data-id=\"gallery-1\" data-export-id=\"gallery-1\" data-category=\"gallery\" class=\"gallery-1 content-section content-section-spacing content-relative\" id=\"gallery-1\" style=\"background-color: rgba(255, 255, 255, 0); background-image: none;\">\n<div  class=\"gridContainer\">\n<div  class=\"row\">\n<div  class=\"section-title-col\" data-type=\"column\" style=\"text-align: center;\"><\/div>\n<\/div>\n<div  class=\"row text-center\">\n<div  class=\"col-xs-12\" data-editable=\"true\" data-content-shortcode=\"mesmerize_gallery id=&quot;mesmerize-gallery-1&quot; columns=&quot;4&quot; ids=&quot;160,161,162,164,163,165,166,167,168&quot; lb=&quot;1&quot; masonry=&quot;1&quot; size=&quot;medium&quot; link=&quot;file&quot; \"><div id='mesmerize-gallery-1' class='gallery-wrapper'><style type=\"text\/css\">\n                    @media only screen and (min-width: 768px) {\n                    [data-unique-id='mesmerize-gallery-1-69e0bf0ce1777'] dl {\n                        float: left;\n                        width: 25% !important;\n                        max-width:  25% !important;\n                        min-width:  25% !important;\n                    }\n\n                    [data-unique-id='mesmerize-gallery-1-69e0bf0ce1777'] dl:nth-of-type(4n +1 ) {\n                      clear: both;\n                      }\n                    }\n                <\/style><div id='mesmerize-gallery-1' class='mesmerize-gallery-1-dls-wrapper gallery-items-wrapper materialis-gallery' data-unique-id='mesmerize-gallery-1-69e0bf0ce1777'><dl class='gallery-item'>\n\t\t\t<dt class='gallery-icon landscape'>\n\t\t\t\t<a data-fancybox=\"mesmerize-gallery-1-group\" href='https:\/\/fewo-wibmer.de\/wp-content\/uploads\/2018\/04\/Altmuehltal-Panoramaweg.jpg'><img loading=\"lazy\" decoding=\"async\"  width=\"300\" height=\"200\" src=\"https:\/\/fewo-wibmer.de\/wp-content\/uploads\/2018\/04\/Altmuehltal-Panoramaweg-300x200.jpg\"  class='mesmerize-gallery-1-image' alt=\"\" aria-describedby=\"gallery-1-160\" srcset=\"https:\/\/fewo-wibmer.de\/wp-content\/uploads\/2018\/04\/Altmuehltal-Panoramaweg-300x200.jpg 300w, https:\/\/fewo-wibmer.de\/wp-content\/uploads\/2018\/04\/Altmuehltal-Panoramaweg-768x512.jpg 768w, https:\/\/fewo-wibmer.de\/wp-content\/uploads\/2018\/04\/Altmuehltal-Panoramaweg-1024x683.jpg 1024w, https:\/\/fewo-wibmer.de\/wp-content\/uploads\/2018\/04\/Altmuehltal-Panoramaweg-1620x1080.jpg 1620w, https:\/\/fewo-wibmer.de\/wp-content\/uploads\/2018\/04\/Altmuehltal-Panoramaweg.jpg 1920w\" sizes=\"(max-width: 300px) 100vw, 300px\" \/><\/a>\n\t\t\t<\/dt>\n\t\t\t\t<dd class='wp-caption-text gallery-caption' id='gallery-1-160'>\n\t\t\t\tSonnenuntergang auf den Burgsteinfelsen\n\t\t\t\t<\/dd><\/dl><dl class='gallery-item'>\n\t\t\t<dt class='gallery-icon landscape'>\n\t\t\t\t<a data-fancybox=\"mesmerize-gallery-1-group\" href='https:\/\/fewo-wibmer.de\/wp-content\/uploads\/2018\/04\/Altmuehltal-Radweg.jpg'><img loading=\"lazy\" decoding=\"async\"  width=\"300\" height=\"200\" src=\"https:\/\/fewo-wibmer.de\/wp-content\/uploads\/2018\/04\/Altmuehltal-Radweg-300x200.jpg\"  class='mesmerize-gallery-1-image' alt=\"\" srcset=\"https:\/\/fewo-wibmer.de\/wp-content\/uploads\/2018\/04\/Altmuehltal-Radweg-300x200.jpg 300w, https:\/\/fewo-wibmer.de\/wp-content\/uploads\/2018\/04\/Altmuehltal-Radweg-768x511.jpg 768w, https:\/\/fewo-wibmer.de\/wp-content\/uploads\/2018\/04\/Altmuehltal-Radweg-1024x682.jpg 1024w, https:\/\/fewo-wibmer.de\/wp-content\/uploads\/2018\/04\/Altmuehltal-Radweg-1623x1080.jpg 1623w, https:\/\/fewo-wibmer.de\/wp-content\/uploads\/2018\/04\/Altmuehltal-Radweg.jpg 1920w\" sizes=\"(max-width: 300px) 100vw, 300px\" \/><\/a>\n\t\t\t<\/dt><\/dl><dl class='gallery-item'>\n\t\t\t<dt class='gallery-icon landscape'>\n\t\t\t\t<a data-fancybox=\"mesmerize-gallery-1-group\" href='https:\/\/fewo-wibmer.de\/wp-content\/uploads\/2018\/04\/Arnsberger-Leite-Altmuehltal-Panoramaweg.jpg'><img loading=\"lazy\" decoding=\"async\"  width=\"300\" height=\"200\" src=\"https:\/\/fewo-wibmer.de\/wp-content\/uploads\/2018\/04\/Arnsberger-Leite-Altmuehltal-Panoramaweg-300x200.jpg\"  class='mesmerize-gallery-1-image' alt=\"\" srcset=\"https:\/\/fewo-wibmer.de\/wp-content\/uploads\/2018\/04\/Arnsberger-Leite-Altmuehltal-Panoramaweg-300x200.jpg 300w, https:\/\/fewo-wibmer.de\/wp-content\/uploads\/2018\/04\/Arnsberger-Leite-Altmuehltal-Panoramaweg-768x512.jpg 768w, https:\/\/fewo-wibmer.de\/wp-content\/uploads\/2018\/04\/Arnsberger-Leite-Altmuehltal-Panoramaweg-1024x683.jpg 1024w, https:\/\/fewo-wibmer.de\/wp-content\/uploads\/2018\/04\/Arnsberger-Leite-Altmuehltal-Panoramaweg-1620x1080.jpg 1620w, https:\/\/fewo-wibmer.de\/wp-content\/uploads\/2018\/04\/Arnsberger-Leite-Altmuehltal-Panoramaweg.jpg 1920w\" sizes=\"(max-width: 300px) 100vw, 300px\" \/><\/a>\n\t\t\t<\/dt><\/dl><dl class='gallery-item'>\n\t\t\t<dt class='gallery-icon portrait'>\n\t\t\t\t<a data-fancybox=\"mesmerize-gallery-1-group\" href='https:\/\/fewo-wibmer.de\/wp-content\/uploads\/2018\/04\/Burg-Prunn.jpg'><img loading=\"lazy\" decoding=\"async\"  width=\"207\" height=\"300\" src=\"https:\/\/fewo-wibmer.de\/wp-content\/uploads\/2018\/04\/Burg-Prunn-207x300.jpg\"  class='mesmerize-gallery-1-image' alt=\"\" srcset=\"https:\/\/fewo-wibmer.de\/wp-content\/uploads\/2018\/04\/Burg-Prunn-207x300.jpg 207w, https:\/\/fewo-wibmer.de\/wp-content\/uploads\/2018\/04\/Burg-Prunn-768x1114.jpg 768w, https:\/\/fewo-wibmer.de\/wp-content\/uploads\/2018\/04\/Burg-Prunn-706x1024.jpg 706w, https:\/\/fewo-wibmer.de\/wp-content\/uploads\/2018\/04\/Burg-Prunn-1024x1485.jpg 1024w, https:\/\/fewo-wibmer.de\/wp-content\/uploads\/2018\/04\/Burg-Prunn-745x1080.jpg 745w, https:\/\/fewo-wibmer.de\/wp-content\/uploads\/2018\/04\/Burg-Prunn.jpg 1059w\" sizes=\"(max-width: 207px) 100vw, 207px\" \/><\/a>\n\t\t\t<\/dt><\/dl><dl class='gallery-item'>\n\t\t\t<dt class='gallery-icon landscape'>\n\t\t\t\t<a data-fancybox=\"mesmerize-gallery-1-group\" href='https:\/\/fewo-wibmer.de\/wp-content\/uploads\/2018\/04\/Bootwandern-auf-der-Altmuehl.jpg'><img loading=\"lazy\" decoding=\"async\"  width=\"300\" height=\"200\" src=\"https:\/\/fewo-wibmer.de\/wp-content\/uploads\/2018\/04\/Bootwandern-auf-der-Altmuehl-300x200.jpg\"  class='mesmerize-gallery-1-image' alt=\"\" srcset=\"https:\/\/fewo-wibmer.de\/wp-content\/uploads\/2018\/04\/Bootwandern-auf-der-Altmuehl-300x200.jpg 300w, https:\/\/fewo-wibmer.de\/wp-content\/uploads\/2018\/04\/Bootwandern-auf-der-Altmuehl-768x511.jpg 768w, https:\/\/fewo-wibmer.de\/wp-content\/uploads\/2018\/04\/Bootwandern-auf-der-Altmuehl-1024x682.jpg 1024w, https:\/\/fewo-wibmer.de\/wp-content\/uploads\/2018\/04\/Bootwandern-auf-der-Altmuehl-1623x1080.jpg 1623w, https:\/\/fewo-wibmer.de\/wp-content\/uploads\/2018\/04\/Bootwandern-auf-der-Altmuehl.jpg 1920w\" sizes=\"(max-width: 300px) 100vw, 300px\" \/><\/a>\n\t\t\t<\/dt><\/dl><dl class='gallery-item'>\n\t\t\t<dt class='gallery-icon portrait'>\n\t\t\t\t<a data-fancybox=\"mesmerize-gallery-1-group\" href='https:\/\/fewo-wibmer.de\/wp-content\/uploads\/2018\/04\/Donaudurchbruch-Weltenburger-Enge.jpg'><img loading=\"lazy\" decoding=\"async\"  width=\"246\" height=\"300\" src=\"https:\/\/fewo-wibmer.de\/wp-content\/uploads\/2018\/04\/Donaudurchbruch-Weltenburger-Enge-246x300.jpg\"  class='mesmerize-gallery-1-image' alt=\"\" srcset=\"https:\/\/fewo-wibmer.de\/wp-content\/uploads\/2018\/04\/Donaudurchbruch-Weltenburger-Enge-246x300.jpg 246w, https:\/\/fewo-wibmer.de\/wp-content\/uploads\/2018\/04\/Donaudurchbruch-Weltenburger-Enge-768x935.jpg 768w, https:\/\/fewo-wibmer.de\/wp-content\/uploads\/2018\/04\/Donaudurchbruch-Weltenburger-Enge-841x1024.jpg 841w, https:\/\/fewo-wibmer.de\/wp-content\/uploads\/2018\/04\/Donaudurchbruch-Weltenburger-Enge-1024x1247.jpg 1024w, https:\/\/fewo-wibmer.de\/wp-content\/uploads\/2018\/04\/Donaudurchbruch-Weltenburger-Enge-887x1080.jpg 887w, https:\/\/fewo-wibmer.de\/wp-content\/uploads\/2018\/04\/Donaudurchbruch-Weltenburger-Enge.jpg 1261w\" sizes=\"(max-width: 246px) 100vw, 246px\" \/><\/a>\n\t\t\t<\/dt><\/dl><dl class='gallery-item'>\n\t\t\t<dt class='gallery-icon landscape'>\n\t\t\t\t<a data-fancybox=\"mesmerize-gallery-1-group\" href='https:\/\/fewo-wibmer.de\/wp-content\/uploads\/2018\/04\/Felsformation-Zwoelf-Apostel.jpg'><img loading=\"lazy\" decoding=\"async\"  width=\"300\" height=\"169\" src=\"https:\/\/fewo-wibmer.de\/wp-content\/uploads\/2018\/04\/Felsformation-Zwoelf-Apostel-300x169.jpg\"  class='mesmerize-gallery-1-image' alt=\"\" aria-describedby=\"gallery-1-166\" srcset=\"https:\/\/fewo-wibmer.de\/wp-content\/uploads\/2018\/04\/Felsformation-Zwoelf-Apostel-300x169.jpg 300w, https:\/\/fewo-wibmer.de\/wp-content\/uploads\/2018\/04\/Felsformation-Zwoelf-Apostel-768x432.jpg 768w, https:\/\/fewo-wibmer.de\/wp-content\/uploads\/2018\/04\/Felsformation-Zwoelf-Apostel-1024x576.jpg 1024w, https:\/\/fewo-wibmer.de\/wp-content\/uploads\/2018\/04\/Felsformation-Zwoelf-Apostel.jpg 1920w\" sizes=\"(max-width: 300px) 100vw, 300px\" \/><\/a>\n\t\t\t<\/dt>\n\t\t\t\t<dd class='wp-caption-text gallery-caption' id='gallery-1-166'>\n\t\t\t\tWanderer auf den &#8222;12 Aposteln&#8220; bei Solnhofen\n\t\t\t\t<\/dd><\/dl><dl class='gallery-item'>\n\t\t\t<dt class='gallery-icon landscape'>\n\t\t\t\t<a data-fancybox=\"mesmerize-gallery-1-group\" href='https:\/\/fewo-wibmer.de\/wp-content\/uploads\/2018\/04\/Gungoldinger-Wacholderheide.jpg'><img loading=\"lazy\" decoding=\"async\"  width=\"300\" height=\"198\" src=\"https:\/\/fewo-wibmer.de\/wp-content\/uploads\/2018\/04\/Gungoldinger-Wacholderheide-300x198.jpg\"  class='mesmerize-gallery-1-image' alt=\"\" srcset=\"https:\/\/fewo-wibmer.de\/wp-content\/uploads\/2018\/04\/Gungoldinger-Wacholderheide-300x198.jpg 300w, https:\/\/fewo-wibmer.de\/wp-content\/uploads\/2018\/04\/Gungoldinger-Wacholderheide-768x506.jpg 768w, https:\/\/fewo-wibmer.de\/wp-content\/uploads\/2018\/04\/Gungoldinger-Wacholderheide-1024x674.jpg 1024w, https:\/\/fewo-wibmer.de\/wp-content\/uploads\/2018\/04\/Gungoldinger-Wacholderheide-1641x1080.jpg 1641w, https:\/\/fewo-wibmer.de\/wp-content\/uploads\/2018\/04\/Gungoldinger-Wacholderheide.jpg 1920w\" sizes=\"(max-width: 300px) 100vw, 300px\" \/><\/a>\n\t\t\t<\/dt><\/dl><dl class='gallery-item'>\n\t\t\t<dt class='gallery-icon landscape'>\n\t\t\t\t<a data-fancybox=\"mesmerize-gallery-1-group\" href='https:\/\/fewo-wibmer.de\/wp-content\/uploads\/2018\/04\/Kloster-Weltenburg.jpg'><img loading=\"lazy\" decoding=\"async\"  width=\"300\" height=\"200\" src=\"https:\/\/fewo-wibmer.de\/wp-content\/uploads\/2018\/04\/Kloster-Weltenburg-300x200.jpg\"  class='mesmerize-gallery-1-image' alt=\"\" aria-describedby=\"gallery-1-168\" srcset=\"https:\/\/fewo-wibmer.de\/wp-content\/uploads\/2018\/04\/Kloster-Weltenburg-300x200.jpg 300w, https:\/\/fewo-wibmer.de\/wp-content\/uploads\/2018\/04\/Kloster-Weltenburg-768x512.jpg 768w, https:\/\/fewo-wibmer.de\/wp-content\/uploads\/2018\/04\/Kloster-Weltenburg-1024x683.jpg 1024w, https:\/\/fewo-wibmer.de\/wp-content\/uploads\/2018\/04\/Kloster-Weltenburg-1619x1080.jpg 1619w, https:\/\/fewo-wibmer.de\/wp-content\/uploads\/2018\/04\/Kloster-Weltenburg.jpg 1920w\" sizes=\"(max-width: 300px) 100vw, 300px\" \/><\/a>\n\t\t\t<\/dt>\n\t\t\t\t<dd class='wp-caption-text gallery-caption' id='gallery-1-168'>\n\t\t\t\tAussichtspunkt gegen\u00fcber (Donau) Kloster Weltenburg\n\t\t\t\t<\/dd><\/dl>\n\t\t\t\n\t\t<\/div>\n<script>(function($){window.MaterialisCaptionsGallery && window.MaterialisCaptionsGallery($('[data-unique-id=\"mesmerize-gallery-1-69e0bf0ce1777\"]'))})(jQuery)<\/script><\/div><\/div>\n<\/div>\n<\/div>\n<\/div><div  data-label=\"Features\" data-id=\"features-6\" data-export-id=\"features-6\" data-category=\"features\" class=\"feature-6 content-section-spacing content-relative\" id=\"features-7\" style=\"background-color: rgba(255, 255, 255, 0); background-image: none;\">\n<div  class=\"gridContainer\">\n<div  class=\"row text-center\">\n<div  class=\"section-title-col\" data-type=\"column\"><\/div>\n<\/div>\n<div  data-type=\"row\" class=\"row space-bottom\">\n<div  class=\"col-xs-12 col-sm-4 col-padding-small-xs\">\n<div  class=\"row\">\n<div  class=\"col-xs-2\" data-preview-empty=\"1\"><\/div>\n<div  class=\"col-xs-10 start-ms\" data-preview-empty=\"1\"><\/div>\n<\/div>\n<\/div>\n<\/div>\n<div  class=\"row\">\n<div  data-type=\"column\" class=\"col-xs-12 text-center\"><\/div>\n<\/div>\n<\/div>\n\n<div class=\"section-separator-bottom\" >\n    <svg xmlns=\"http:\/\/www.w3.org\/2000\/svg\" viewBox=\"0 0 1000 100\" preserveAspectRatio=\"none\" data-separator-name=\"mountains\" class=\"section-separator-bottom\" >\n\t<path class=\"svg-white-bg\" opacity=\"0.33\" d=\"M473,67.3c-203.9,88.3-263.1-34-320.3,0C66,119.1,0,59.7,0,59.7V0h1000v59.7 c0,0-62.1,26.1-94.9,29.3c-32.8,3.3-62.8-12.3-75.8-22.1C806,49.6,745.3,8.7,694.9,4.7S492.4,59,473,67.3z\" ><\/path>\n\t<path class=\"svg-white-bg\" opacity=\"0.66\" d=\"M734,67.3c-45.5,0-77.2-23.2-129.1-39.1c-28.6-8.7-150.3-10.1-254,39.1 s-91.7-34.4-149.2,0C115.7,118.3,0,39.8,0,39.8V0h1000v36.5c0,0-28.2-18.5-92.1-18.5C810.2,18.1,775.7,67.3,734,67.3z\" ><\/path>\n\t<path class=\"svg-white-bg\" d=\"M766.1,28.9c-200-57.5-266,65.5-395.1,19.5C242,1.8,242,5.4,184.8,20.6C128,35.8,132.3,44.9,89.9,52.5C28.6,63.7,0,0,0,0 h1000c0,0-9.9,40.9-83.6,48.1S829.6,47,766.1,28.9z\" ><\/path>\n<\/svg>\n<\/div><\/div>","protected":false},"excerpt":{"rendered":"<p>Aktiv sein Ebene Rad-Wanderwege direkt vorm Haus Eigener Fahrradverleih am Ort Sommerrodelbahn in Riedenburg Falkner f\u00fcr einen Tag Swin-Golf Mountainbike-Trails fast vor der Haust\u00fcre Wandern Klettergarten in Beilngries Klettern im Klettergebiet Prunn und Sch\u00f6nhofen Kanu- oder Kajakfahren Sehensw\u00fcrdigkeiten Schloss Prunn Befreiungshalle Bayerischer Landesjagdfalkenhof Tropfsteinh\u00f6hle Schulerloch Entspannung Badesee Agatha in Haidhof Angeln Schiffsanlegestelle am Ort gem\u00fctliche&hellip; <br \/> <a class=\"read-more\" href=\"https:\/\/fewo-wibmer.de\/?page_id=74\">Weiterlesen<\/a><\/p>\n","protected":false},"author":1,"featured_media":0,"parent":0,"menu_order":0,"comment_status":"closed","ping_status":"closed","template":"pro\/page-templates\/full-width-page.php","meta":{"footnotes":""},"class_list":["post-74","page","type-page","status-publish","hentry"],"_links":{"self":[{"href":"https:\/\/fewo-wibmer.de\/index.php?rest_route=\/wp\/v2\/pages\/74"}],"collection":[{"href":"https:\/\/fewo-wibmer.de\/index.php?rest_route=\/wp\/v2\/pages"}],"about":[{"href":"https:\/\/fewo-wibmer.de\/index.php?rest_route=\/wp\/v2\/types\/page"}],"author":[{"embeddable":true,"href":"https:\/\/fewo-wibmer.de\/index.php?rest_route=\/wp\/v2\/users\/1"}],"replies":[{"embeddable":true,"href":"https:\/\/fewo-wibmer.de\/index.php?rest_route=%2Fwp%2Fv2%2Fcomments&post=74"}],"version-history":[{"count":41,"href":"https:\/\/fewo-wibmer.de\/index.php?rest_route=\/wp\/v2\/pages\/74\/revisions"}],"predecessor-version":[{"id":501,"href":"https:\/\/fewo-wibmer.de\/index.php?rest_route=\/wp\/v2\/pages\/74\/revisions\/501"}],"wp:attachment":[{"href":"https:\/\/fewo-wibmer.de\/index.php?rest_route=%2Fwp%2Fv2%2Fmedia&parent=74"}],"curies":[{"name":"wp","href":"https:\/\/api.w.org\/{rel}","templated":true}]}}